{"id":99,"date":"2026-04-12T19:02:25","date_gmt":"2026-04-12T19:02:25","guid":{"rendered":"https:\/\/www.zinashop.net\/index.php\/produit\/parfum-gissah-hudson-valley-200-ml\/"},"modified":"2026-04-12T19:02:25","modified_gmt":"2026-04-12T19:02:25","slug":"parfum-gissah-hudson-valley-200-ml","status":"publish","type":"product","link":"https:\/\/www.zinashop.net\/index.php\/produit\/parfum-gissah-hudson-valley-200-ml\/","title":{"rendered":"Parfum Gissah Hudson Valley 200 ML"},"content":{"rendered":"<p>Le produit en question est le parfum unisexe\u00a0<strong>Hudson Valley<\/strong>\u00a0de Gissah, disponible en flacon pulv\u00e9risateur de 200 ml.\u00a0C&rsquo;est une fragrance Ambre bois\u00e9, lanc\u00e9e en 2020, qui offre un \u00e9quilibre entre douceur et force.\u00a0<\/p>\n<p><\/p>\n<p><\/p>\n","protected":false},"excerpt":{"rendered":"<p>Le produit en question est le parfum unisexe\u00a0Hudson Valley\u00a0de Gissah, disponible en flacon pulv\u00e9risateur de 200 ml.\u00a0C&rsquo;est une fragrance Ambre bois\u00e9, lanc\u00e9e en 2020, qui offre un \u00e9quilibre entre douceur et force.\u00a0<\/p>\n","protected":false},"featured_media":0,"comment_status":"open","ping_status":"closed","template":"","meta":[],"product_brand":[],"product_cat":[15],"product_tag":[],"class_list":{"0":"post-99","1":"product","2":"type-product","3":"status-publish","5":"product_cat-non-classe","7":"first","8":"instock","9":"taxable","10":"shipping-taxable","11":"product-type-simple"},"jetpack_sharing_enabled":true,"_links":{"self":[{"href":"https:\/\/www.zinashop.net\/index.php\/wp-json\/wp\/v2\/product\/99","targetHints":{"allow":["GET"]}}],"collection":[{"href":"https:\/\/www.zinashop.net\/index.php\/wp-json\/wp\/v2\/product"}],"about":[{"href":"https:\/\/www.zinashop.net\/index.php\/wp-json\/wp\/v2\/types\/product"}],"replies":[{"embeddable":true,"href":"https:\/\/www.zinashop.net\/index.php\/wp-json\/wp\/v2\/comments?post=99"}],"wp:attachment":[{"href":"https:\/\/www.zinashop.net\/index.php\/wp-json\/wp\/v2\/media?parent=99"}],"wp:term":[{"taxonomy":"product_brand","embeddable":true,"href":"https:\/\/www.zinashop.net\/index.php\/wp-json\/wp\/v2\/product_brand?post=99"},{"taxonomy":"product_cat","embeddable":true,"href":"https:\/\/www.zinashop.net\/index.php\/wp-json\/wp\/v2\/product_cat?post=99"},{"taxonomy":"product_tag","embeddable":true,"href":"https:\/\/www.zinashop.net\/index.php\/wp-json\/wp\/v2\/product_tag?post=99"}],"curies":[{"name":"wp","href":"https:\/\/api.w.org\/{rel}","templated":true}]}}