{"id":94,"date":"2026-04-12T19:02:25","date_gmt":"2026-04-12T19:02:25","guid":{"rendered":"https:\/\/www.zinashop.net\/index.php\/produit\/eau-de-parfum-tom-ford-oud-wood\/"},"modified":"2026-04-12T19:02:25","modified_gmt":"2026-04-12T19:02:25","slug":"eau-de-parfum-tom-ford-oud-wood","status":"publish","type":"product","link":"https:\/\/www.zinashop.net\/index.php\/produit\/eau-de-parfum-tom-ford-oud-wood\/","title":{"rendered":"eau de parfum Tom Ford Oud Wood"},"content":{"rendered":"<ul>\n<li>\u00c9tat de l&rsquo;article : copie 100 % authentique, parfum neuf et inutilis\u00e9.Les parfums sont en version haute copie 1:1 avec une qualit\u00e9 sup\u00e9rieure \u00e0 un prix comp\u00e9titif.Grosse remise pour les grosses commandes. Vous pouvez m\u00e9langer n\u2019importe quel parfum homme femme.Les parfums sont des cadeaux pour petite amie, \u00e9pouse ou m\u00e8re pour la Saint-Valentin et un anniversaire.Grande capacit\u00e9<\/li>\n<li>Bienvenue dans ma boutique, les photos des produits de l&rsquo;entreprise sont un photographe professionnel \u00e0 ajuster, car l&rsquo;affichage est diff\u00e9rent, peut causer la couleur, veuillez recevoir les marchandises. Photo 100%&#8230; Service rapide;100% \u00e9taient satisfaits, bienvenue<\/li>\n<li>Notre assurance qualit\u00e9 des produits, le slogan de notre soci\u00e9t\u00e9 est: non pas la recherche de prix plus bas, mais la poursuite du plus haut Bienvenue dans notre boutique, nous vous fournirons des produits de qualit\u00e9 et le prix le plus pr\u00e9f\u00e9rentiel, des produits de haute qualit\u00e9 en gros, un bon travail.<\/li>\n<\/ul>\n","protected":false},"excerpt":{"rendered":"<p>\u00c9tat de l&rsquo;article : copie 100 % authentique, parfum neuf et inutilis\u00e9.Les parfums sont en version haute copie 1:1 avec une qualit\u00e9 sup\u00e9rieure \u00e0 un prix comp\u00e9titif.Grosse remise pour les grosses commandes. Vous pouvez m\u00e9langer n\u2019importe quel parfum homme femme.Les parfums sont des cadeaux pour petite amie, \u00e9pouse ou m\u00e8re pour la Saint-Valentin et un [&hellip;]<\/p>\n","protected":false},"featured_media":0,"comment_status":"open","ping_status":"closed","template":"","meta":[],"product_brand":[],"product_cat":[15],"product_tag":[],"class_list":{"0":"post-94","1":"product","2":"type-product","3":"status-publish","5":"product_cat-non-classe","7":"first","8":"instock","9":"taxable","10":"shipping-taxable","11":"product-type-simple"},"jetpack_sharing_enabled":true,"_links":{"self":[{"href":"https:\/\/www.zinashop.net\/index.php\/wp-json\/wp\/v2\/product\/94","targetHints":{"allow":["GET"]}}],"collection":[{"href":"https:\/\/www.zinashop.net\/index.php\/wp-json\/wp\/v2\/product"}],"about":[{"href":"https:\/\/www.zinashop.net\/index.php\/wp-json\/wp\/v2\/types\/product"}],"replies":[{"embeddable":true,"href":"https:\/\/www.zinashop.net\/index.php\/wp-json\/wp\/v2\/comments?post=94"}],"wp:attachment":[{"href":"https:\/\/www.zinashop.net\/index.php\/wp-json\/wp\/v2\/media?parent=94"}],"wp:term":[{"taxonomy":"product_brand","embeddable":true,"href":"https:\/\/www.zinashop.net\/index.php\/wp-json\/wp\/v2\/product_brand?post=94"},{"taxonomy":"product_cat","embeddable":true,"href":"https:\/\/www.zinashop.net\/index.php\/wp-json\/wp\/v2\/product_cat?post=94"},{"taxonomy":"product_tag","embeddable":true,"href":"https:\/\/www.zinashop.net\/index.php\/wp-json\/wp\/v2\/product_tag?post=94"}],"curies":[{"name":"wp","href":"https:\/\/api.w.org\/{rel}","templated":true}]}}