{"id":88,"date":"2026-04-12T19:02:25","date_gmt":"2026-04-12T19:02:25","guid":{"rendered":"https:\/\/www.zinashop.net\/index.php\/produit\/collier-bracelet-homme-bc002\/"},"modified":"2026-04-12T19:02:25","modified_gmt":"2026-04-12T19:02:25","slug":"collier-bracelet-homme-bc002","status":"publish","type":"product","link":"https:\/\/www.zinashop.net\/index.php\/produit\/collier-bracelet-homme-bc002\/","title":{"rendered":"Collier Bracelet Homme BC002"},"content":{"rendered":"<p><span style=\"color: rgb(15, 17, 17);\">\u00b7\u00a0\u00a0\u00a0\u00a0\u00a0\u00a0\u00a0\u00a0Mat\u00e9riaux : acier inoxydable, poli de haute qualit\u00e9, antirouille, respectueux de l&rsquo;environnement, doux pour la peau, sans nickel.<\/span><\/p>\n<p><span style=\"color: rgb(15, 17, 17);\">\u00b7\u00a0\u00a0\u00a0\u00a0\u00a0\u00a0\u00a0\u00a0Couleur : panach\u00e9 argent dor\u00e9 inoxydable.<\/span><\/p>\n<p><span style=\"color: rgb(15, 17, 17);\">\u00b7\u00a0\u00a0\u00a0\u00a0\u00a0\u00a0\u00a0\u00a0Inspiration : design cool de la lame de rasoir. Accessoires de bijoux tendance, adapt\u00e9s pour un usage quotidien par les hommes et les gar\u00e7ons <\/span><\/p>\n<p><span style=\"color: rgb(15, 17, 17);\">\u00b7\u00a0\u00a0\u00a0\u00a0\u00a0\u00a0\u00a0\u00a0Cadeau : un beau cadeau pour les amis, les membres de la famille, les colocataires, les colocataires, etc. ou pour vous r\u00e9compenser. Une bonne id\u00e9e pour c\u00e9l\u00e9brer un anniversaire, la f\u00eate des p\u00e8res, la Saint-Valentin et d&rsquo;autres jours significatifs.<\/span><\/p>\n<p><\/p>\n","protected":false},"excerpt":{"rendered":"<p>\u00b7\u00a0\u00a0\u00a0\u00a0\u00a0\u00a0\u00a0\u00a0Mat\u00e9riaux : acier inoxydable, poli de haute qualit\u00e9, antirouille, respectueux de l&rsquo;environnement, doux pour la peau, sans nickel. \u00b7\u00a0\u00a0\u00a0\u00a0\u00a0\u00a0\u00a0\u00a0Couleur : panach\u00e9 argent dor\u00e9 inoxydable. \u00b7\u00a0\u00a0\u00a0\u00a0\u00a0\u00a0\u00a0\u00a0Inspiration : design cool de la lame de rasoir. Accessoires de bijoux tendance, adapt\u00e9s pour un usage quotidien par les hommes et les gar\u00e7ons \u00b7\u00a0\u00a0\u00a0\u00a0\u00a0\u00a0\u00a0\u00a0Cadeau : un beau cadeau pour les [&hellip;]<\/p>\n","protected":false},"featured_media":0,"comment_status":"open","ping_status":"closed","template":"","meta":[],"product_brand":[],"product_cat":[15],"product_tag":[],"class_list":{"0":"post-88","1":"product","2":"type-product","3":"status-publish","5":"product_cat-non-classe","7":"first","8":"instock","9":"taxable","10":"shipping-taxable","11":"product-type-simple"},"jetpack_sharing_enabled":true,"_links":{"self":[{"href":"https:\/\/www.zinashop.net\/index.php\/wp-json\/wp\/v2\/product\/88","targetHints":{"allow":["GET"]}}],"collection":[{"href":"https:\/\/www.zinashop.net\/index.php\/wp-json\/wp\/v2\/product"}],"about":[{"href":"https:\/\/www.zinashop.net\/index.php\/wp-json\/wp\/v2\/types\/product"}],"replies":[{"embeddable":true,"href":"https:\/\/www.zinashop.net\/index.php\/wp-json\/wp\/v2\/comments?post=88"}],"wp:attachment":[{"href":"https:\/\/www.zinashop.net\/index.php\/wp-json\/wp\/v2\/media?parent=88"}],"wp:term":[{"taxonomy":"product_brand","embeddable":true,"href":"https:\/\/www.zinashop.net\/index.php\/wp-json\/wp\/v2\/product_brand?post=88"},{"taxonomy":"product_cat","embeddable":true,"href":"https:\/\/www.zinashop.net\/index.php\/wp-json\/wp\/v2\/product_cat?post=88"},{"taxonomy":"product_tag","embeddable":true,"href":"https:\/\/www.zinashop.net\/index.php\/wp-json\/wp\/v2\/product_tag?post=88"}],"curies":[{"name":"wp","href":"https:\/\/api.w.org\/{rel}","templated":true}]}}