{"id":101,"date":"2026-04-12T19:02:25","date_gmt":"2026-04-12T19:02:25","guid":{"rendered":"https:\/\/www.zinashop.net\/index.php\/produit\/parfum-leonie-femme\/"},"modified":"2026-04-12T19:02:25","modified_gmt":"2026-04-12T19:02:25","slug":"parfum-leonie-femme","status":"publish","type":"product","link":"https:\/\/www.zinashop.net\/index.php\/produit\/parfum-leonie-femme\/","title":{"rendered":"Parfum L\u00e9onie femme"},"content":{"rendered":"<p>Le parfum\u00a0<strong>L\u00e9onie de Maison Alhambra<\/strong>\u00a0est une eau de parfum f\u00e9minine (100 ml), r\u00e9put\u00e9e pour \u00eatre une alternative abordable au c\u00e9l\u00e8bre\u00a0<a href=\"https:\/\/www.google.com\/url?sa=i&amp;source=web&amp;rct=j&amp;url=https:\/\/makeup.fr\/product\/597895\/&amp;ved=2ahUKEwi6_dC62c6SAxV53QIHHYoSBxIQy_kOegQIARAB&amp;opi=89978449&amp;cd&amp;psig=AOvVaw0yUqgVe94yOOcFMViDcrRL&amp;ust=1770805170773000\" rel=\"noopener noreferrer\" target=\"_blank\" style=\"color: rgb(21, 88, 214);\">Libre d&rsquo;Yves Saint Laurent<\/a>. C&rsquo;est une\u00a0fragrance florale et fruit\u00e9e, \u00e0 la fois fra\u00eeche, sensuelle et sophistiqu\u00e9e, caract\u00e9ris\u00e9e par des notes dominantes de lavande, de fleur d&rsquo;oranger, de mandarine et de vanille.\u00a0<span style=\"color: rgb(86, 89, 94);\">\u00a0+4<\/span><\/p>\n<p><strong>Caract\u00e9ristiques olfactives (Pyramide) :<\/strong><\/p>\n<ul>\n<li>\n<strong>Notes de t\u00eate :<\/strong>\u00a0Lavande, mandarine, cassis, petit-grain.<\/li>\n<li>\n<strong>Notes de c\u0153ur :<\/strong>\u00a0Lavande, fleur d&rsquo;oranger, jasmin.<\/li>\n<li>\n<strong>Notes de fond :<\/strong>\u00a0Vanille de Madagascar, musc, c\u00e8dre, ambre gris.\u00a0<strong>Points forts :<\/strong>\n<\/li>\n<li>\n<strong>Style :<\/strong>\u00a0\u00c9l\u00e9gant, moderne et audacieux.<\/li>\n<li>\n<strong>Usage :<\/strong>\u00a0Id\u00e9al pour le quotidien ou les soir\u00e9es.<\/li>\n<li>\n<strong>Sillage :<\/strong>\u00a0Floral, hesp\u00e9rid\u00e9 et ambr\u00e9.\u00a0<\/li>\n<\/ul>\n<p>Il est con\u00e7u pour la femme confiante et libre, offrant une tenue durable avec des accents chauds et sucr\u00e9s.\u00a0<\/p>\n","protected":false},"excerpt":{"rendered":"<p>Le parfum\u00a0L\u00e9onie de Maison Alhambra\u00a0est une eau de parfum f\u00e9minine (100 ml), r\u00e9put\u00e9e pour \u00eatre une alternative abordable au c\u00e9l\u00e8bre\u00a0Libre d&rsquo;Yves Saint Laurent. C&rsquo;est une\u00a0fragrance florale et fruit\u00e9e, \u00e0 la fois fra\u00eeche, sensuelle et sophistiqu\u00e9e, caract\u00e9ris\u00e9e par des notes dominantes de lavande, de fleur d&rsquo;oranger, de mandarine et de vanille.\u00a0\u00a0+4 Caract\u00e9ristiques olfactives (Pyramide) : Notes [&hellip;]<\/p>\n","protected":false},"featured_media":0,"comment_status":"open","ping_status":"closed","template":"","meta":[],"product_brand":[],"product_cat":[15],"product_tag":[],"class_list":{"0":"post-101","1":"product","2":"type-product","3":"status-publish","5":"product_cat-non-classe","7":"first","8":"instock","9":"taxable","10":"shipping-taxable","11":"product-type-simple"},"jetpack_sharing_enabled":true,"_links":{"self":[{"href":"https:\/\/www.zinashop.net\/index.php\/wp-json\/wp\/v2\/product\/101","targetHints":{"allow":["GET"]}}],"collection":[{"href":"https:\/\/www.zinashop.net\/index.php\/wp-json\/wp\/v2\/product"}],"about":[{"href":"https:\/\/www.zinashop.net\/index.php\/wp-json\/wp\/v2\/types\/product"}],"replies":[{"embeddable":true,"href":"https:\/\/www.zinashop.net\/index.php\/wp-json\/wp\/v2\/comments?post=101"}],"wp:attachment":[{"href":"https:\/\/www.zinashop.net\/index.php\/wp-json\/wp\/v2\/media?parent=101"}],"wp:term":[{"taxonomy":"product_brand","embeddable":true,"href":"https:\/\/www.zinashop.net\/index.php\/wp-json\/wp\/v2\/product_brand?post=101"},{"taxonomy":"product_cat","embeddable":true,"href":"https:\/\/www.zinashop.net\/index.php\/wp-json\/wp\/v2\/product_cat?post=101"},{"taxonomy":"product_tag","embeddable":true,"href":"https:\/\/www.zinashop.net\/index.php\/wp-json\/wp\/v2\/product_tag?post=101"}],"curies":[{"name":"wp","href":"https:\/\/api.w.org\/{rel}","templated":true}]}}